{"id":26,"date":"2026-02-01T05:54:09","date_gmt":"2026-02-01T05:54:09","guid":{"rendered":"https:\/\/costum-data.de\/?page_id=26"},"modified":"2026-02-01T23:17:25","modified_gmt":"2026-02-01T23:17:25","slug":"community","status":"publish","type":"page","link":"https:\/\/costum-data.de\/index.php\/community\/","title":{"rendered":"Community"},"content":{"rendered":"<p>[et_pb_section fb_built=&#8220;1&#8243; _builder_version=&#8220;4.27.5&#8243; _module_preset=&#8220;default&#8220; background_image=&#8220;https:\/\/costum-data.de\/wp-content\/uploads\/2026\/02\/Feierabend-Gamer-1-2.png&#8220; min_height=&#8220;2146.8px&#8220; custom_padding=&#8220;||131px|||&#8220; global_colors_info=&#8220;{}&#8220;][et_pb_row column_structure=&#8220;1_3,1_3,1_3&#8243; _builder_version=&#8220;4.27.5&#8243; _module_preset=&#8220;default&#8220; max_width=&#8220;1428px&#8220; min_height=&#8220;1311.8px&#8220; custom_margin=&#8220;|auto|-678px|auto||&#8220; hover_enabled=&#8220;0&#8243; locked=&#8220;off&#8220; global_colors_info=&#8220;{}&#8220; sticky_enabled=&#8220;0&#8243;][et_pb_column type=&#8220;1_3&#8243; _builder_version=&#8220;4.27.5&#8243; _module_preset=&#8220;default&#8220; global_colors_info=&#8220;{}&#8220;][et_pb_slider _builder_version=&#8220;4.27.5&#8243; _module_preset=&#8220;default&#8220; custom_button=&#8220;on&#8220; global_colors_info=&#8220;{}&#8220; link_option_url_new_window=&#8220;on&#8220; use_bg_overlay=&#8220;off&#8220; use_text_overlay=&#8220;off&#8220; button_text_color=&#8220;#2af72a&#8220; button_border_width=&#8220;4px&#8220; button_border_radius=&#8220;24px&#8220; button_text_shadow_style=&#8220;preset4&#8243; background_color=&#8220;RGBA(255,255,255,0)&#8220; button_custom_margin=&#8220;40px||||false|false&#8220; link_option_url=&#8220;https:\/\/discord.gg\/Xfb57hNV5d&#8220; hover_enabled=&#8220;0&#8243; sticky_enabled=&#8220;0&#8243;][et_pb_slide button_text=&#8220;Klicks&#8220; image=&#8220;https:\/\/costum-data.de\/wp-content\/uploads\/2026\/02\/Feierabend-Gamer-MMO-transparent-neu.png&#8220; _builder_version=&#8220;4.27.5&#8243; _module_preset=&#8220;default&#8220; global_colors_info=&#8220;{}&#8220; sticky_transition=&#8220;on&#8220;]<\/p>\n<p><span class=\"theming-custom desktop-font-size-20 theming-custom-#00ff00 mobile-font-size-16 tablet-font-size-16\" style=\"color: #dd6700; font-size: x-large;\">Auf unserem MMO-Server bieten wir folgende Spiele an:<\/span><\/p>\n<p><span style=\"color: #dd6700;\">\u00a0<\/span><\/p>\n<p style=\"text-align: center;\"><span class=\"desktop-font-size-20 mobile-font-size-16 tablet-font-size-16\" style=\"color: #dd6700; font-size: x-large;\">&#8211; Aion 2<br \/>&#8211; Borderlands<\/span><br \/><span class=\"desktop-font-size-20 mobile-font-size-16 tablet-font-size-16\" style=\"color: #dd6700; font-size: x-large;\">&#8211; Diablo 4<\/span><br \/><span class=\"desktop-font-size-20 mobile-font-size-16 tablet-font-size-16\" style=\"color: #dd6700; font-size: x-large;\">&#8211; Dune Awakening<\/span><br \/><span class=\"desktop-font-size-20 mobile-font-size-16 tablet-font-size-16\" style=\"color: #dd6700; font-size: x-large;\">&#8211; Where Wind Meet<\/span><br \/><span class=\"desktop-font-size-20 mobile-font-size-16 tablet-font-size-16\" style=\"color: #dd6700; font-size: x-large;\">&#8211; Path of Exile 1+2<\/span><br \/><span class=\"desktop-font-size-20 mobile-font-size-16 tablet-font-size-16\" style=\"color: #dd6700; font-size: x-large;\">&#8211; Throne &amp; Liberty<\/span><br \/><span class=\"desktop-font-size-20 mobile-font-size-16 tablet-font-size-16\" style=\"color: #dd6700; font-size: x-large;\">&#8211; Ark Survival Ascended<\/span><br \/><span class=\"desktop-font-size-20 mobile-font-size-16 tablet-font-size-16\" style=\"color: #dd6700; font-size: x-large;\">&#8211; Palia<\/span><\/p>\n<p style=\"text-align: center;\"><span class=\"desktop-font-size-20 mobile-font-size-16 tablet-font-size-16\" style=\"color: #dd6700; font-size: x-large;\">&#8211; Plattform Games (universelle Spielersuche f\u00fcr alle nicht gelisteten Games)<\/span><\/p>\n<p>[\/et_pb_slide][et_pb_slide button_text=&#8220;Klicks&#8220; _builder_version=&#8220;4.27.5&#8243; _module_preset=&#8220;default&#8220; hover_enabled=&#8220;0&#8243; global_colors_info=&#8220;{}&#8220; sticky_transition=&#8220;on&#8220; sticky_enabled=&#8220;0&#8243;]<\/p>\n<p data-start=\"95\" data-end=\"109\"><span style=\"color: #dd6700; font-size: x-large;\"><strong data-start=\"95\" data-end=\"107\">Diablo 4<\/strong><\/span><\/p>\n<ul data-start=\"110\" data-end=\"137\">\n<li data-start=\"110\" data-end=\"137\">\n<p data-start=\"112\" data-end=\"137\"><span style=\"color: #dd6700; font-size: x-large;\">Clan: <strong data-start=\"118\" data-end=\"137\">FeierabendG4mer<\/strong><\/span><\/p>\n<\/li>\n<\/ul>\n<p data-start=\"139\" data-end=\"164\"><span style=\"color: #dd6700; font-size: x-large;\"><strong data-start=\"139\" data-end=\"162\">Path of Exile 1 &amp; 2<\/strong><\/span><\/p>\n<ul data-start=\"165\" data-end=\"194\">\n<li data-start=\"165\" data-end=\"194\">\n<p data-start=\"167\" data-end=\"194\"><span style=\"color: #dd6700; font-size: x-large;\">Gilden: <strong data-start=\"175\" data-end=\"194\">FeierabendG4mer<\/strong><\/span><\/p>\n<\/li>\n<\/ul>\n<p data-start=\"196\" data-end=\"217\"><span style=\"color: #dd6700; font-size: x-large;\"><strong data-start=\"196\" data-end=\"215\">Dune: Awakening<\/strong><\/span><\/p>\n<ul data-start=\"218\" data-end=\"246\">\n<li data-start=\"218\" data-end=\"246\">\n<p data-start=\"220\" data-end=\"246\"><span style=\"color: #dd6700; font-size: x-large;\">Gilde: <strong data-start=\"227\" data-end=\"246\">FeierabendG4mer<\/strong><\/span><\/p>\n<\/li>\n<\/ul>\n<p data-start=\"248\" data-end=\"270\"><span style=\"color: #dd6700; font-size: x-large;\"><strong data-start=\"248\" data-end=\"268\">Throne &amp; Liberty<\/strong><\/span><\/p>\n<ul data-start=\"271\" data-end=\"352\">\n<li data-start=\"271\" data-end=\"315\">\n<p data-start=\"273\" data-end=\"315\"><span style=\"color: #dd6700; font-size: x-large;\">Gilde 1: <strong data-start=\"282\" data-end=\"313\">Rebelion = Feierabend-Gamer<\/strong><\/span><\/p>\n<\/li>\n<li data-start=\"316\" data-end=\"352\">\n<p data-start=\"318\" data-end=\"352\"><span style=\"color: #dd6700; font-size: x-large;\">Gilde 2: <strong data-start=\"327\" data-end=\"352\">Cascade = PiratenCrew<\/strong><\/span><\/p>\n<\/li>\n<\/ul>\n<p data-start=\"354\" data-end=\"382\"><span style=\"color: #dd6700; font-size: x-large;\"><strong data-start=\"354\" data-end=\"380\">ARK: Survival Ascended<\/strong><\/span><\/p>\n<ul data-start=\"383\" data-end=\"432\">\n<li data-start=\"383\" data-end=\"432\">\n<p data-start=\"385\" data-end=\"432\"><span style=\"color: #dd6700; font-size: x-large;\">Server-Cluster: <strong data-start=\"401\" data-end=\"432\">Feierabend-Gamer.de Cluster<\/strong><\/span><\/p>\n<\/li>\n<\/ul>\n<p>[\/et_pb_slide][\/et_pb_slider][et_pb_slider _builder_version=&#8220;4.27.5&#8243; _module_preset=&#8220;default&#8220; locked=&#8220;off&#8220; global_colors_info=&#8220;{}&#8220; sticky_enabled=&#8220;0&#8243; link_option_url_new_window=&#8220;on&#8220; use_bg_overlay=&#8220;off&#8220; use_text_overlay=&#8220;off&#8220; custom_button=&#8220;on&#8220; button_text_color=&#8220;#2af72a&#8220; button_border_width=&#8220;4px&#8220; button_border_radius=&#8220;24px&#8220; button_text_shadow_style=&#8220;preset4&#8243; background_color=&#8220;RGBA(255,255,255,0)&#8220; button_custom_margin=&#8220;40px||||false|false&#8220; link_option_url=&#8220;https:\/\/discord.gg\/rPPBZCdPfD&#8220; hover_enabled=&#8220;0&#8243;][et_pb_slide button_text=&#8220;Klicks&#8220; image=&#8220;https:\/\/costum-data.de\/wp-content\/uploads\/2026\/02\/Game-Pass-Community-transparent.png&#8220; _builder_version=&#8220;4.27.5&#8243; _module_preset=&#8220;default&#8220; hover_enabled=&#8220;0&#8243; locked=&#8220;off&#8220; global_colors_info=&#8220;{}&#8220; sticky_transition=&#8220;on&#8220; sticky_enabled=&#8220;0&#8243;]<\/p>\n<p><span style=\"font-size: x-large; color: #dd6700;\">Eine offene Spiele-Community f\u00fcr alle, die den Xbox\/PC Game Pass nutzen. Gemeinsam neue Games entdecken, Tipps austauschen, Multiplayer-Runden starten und immer aktuelle Empfehlungen, Events und News rund um den Game Pass teilen.<\/span><\/p>\n<p>[\/et_pb_slide][et_pb_slide button_text=&#8220;Klicks&#8220; _builder_version=&#8220;4.27.5&#8243; _module_preset=&#8220;default&#8220; locked=&#8220;off&#8220; global_colors_info=&#8220;{}&#8220; sticky_transition=&#8220;on&#8220;]<\/p>\n<p><span style=\"color: #dd6700; font-size: x-large;\">Hier dreht sich alles um den Gamepass<\/span><\/p>\n<p>[\/et_pb_slide][\/et_pb_slider][\/et_pb_column][et_pb_column type=&#8220;1_3&#8243; _builder_version=&#8220;4.27.5&#8243; _module_preset=&#8220;default&#8220; global_colors_info=&#8220;{}&#8220;][et_pb_slider _builder_version=&#8220;4.27.5&#8243; _module_preset=&#8220;default&#8220; background_color=&#8220;RGBA(255,255,255,0)&#8220; hover_enabled=&#8220;0&#8243; locked=&#8220;off&#8220; global_colors_info=&#8220;{}&#8220; link_option_url_new_window=&#8220;on&#8220; use_bg_overlay=&#8220;off&#8220; use_text_overlay=&#8220;off&#8220; custom_button=&#8220;on&#8220; button_text_color=&#8220;#2af72a&#8220; button_border_width=&#8220;4px&#8220; button_border_radius=&#8220;24px&#8220; button_text_shadow_style=&#8220;preset4&#8243; link_option_url=&#8220;https:\/\/discord.gg\/AzQaVA4Ht7&#8243; button_custom_margin=&#8220;40px||||false|false&#8220; sticky_enabled=&#8220;0&#8243;][et_pb_slide button_text=&#8220;Klicks&#8220; image=&#8220;https:\/\/costum-data.de\/wp-content\/uploads\/2026\/02\/Feierabend-Gamer-Firefight-transparent.png&#8220; _builder_version=&#8220;4.27.5&#8243; _module_preset=&#8220;default&#8220; locked=&#8220;off&#8220; global_colors_info=&#8220;{}&#8220; sticky_transition=&#8220;on&#8220;]<\/p>\n<p><span class=\"theming-custom desktop-font-size-20 theming-custom-#00ff00 mobile-font-size-16 tablet-font-size-16\" style=\"color: #dd6700; font-size: x-large;\">Auf unserem FireFight-Server bieten wir folgende Spiele an:<\/span><br \/><span class=\"mobile-font-size-16 tablet-font-size-16\" style=\"color: #dd6700; font-size: x-large;\">\u00a0<\/span><\/p>\n<p><span style=\"color: #dd6700; font-size: x-large;\">&#8211; Arma Reforger<\/span><br \/><span class=\"desktop-font-size-20 mobile-font-size-16 tablet-font-size-16\" style=\"color: #dd6700; font-size: x-large;\">&#8211; Battlefield<\/span><br \/><span class=\"desktop-font-size-20 mobile-font-size-16 tablet-font-size-16\" style=\"color: #dd6700; font-size: x-large;\">&#8211; Call of Duty<\/span><br \/><span class=\"desktop-font-size-20 mobile-font-size-16 tablet-font-size-16\" style=\"color: #dd6700; font-size: x-large;\">&#8211; DayZ (PC)<\/span><br \/><span class=\"desktop-font-size-20 mobile-font-size-16 tablet-font-size-16\" style=\"color: #dd6700; font-size: x-large;\">&#8211; Delta Force<\/span><br \/><span class=\"desktop-font-size-20\" style=\"color: #dd6700; font-size: x-large;\">\u00a0&#8211; Arc Raiders<\/span><\/p>\n<p>[\/et_pb_slide][et_pb_slide button_text=&#8220;Klicks&#8220; _builder_version=&#8220;4.27.5&#8243; _module_preset=&#8220;default&#8220; locked=&#8220;off&#8220; global_colors_info=&#8220;{}&#8220; sticky_transition=&#8220;on&#8220;]<\/p>\n<p data-start=\"109\" data-end=\"128\"><span style=\"color: #dd6700; font-size: x-large;\"><strong data-start=\"109\" data-end=\"126\">Arma Reforger<\/strong><\/span><\/p>\n<ul data-start=\"129\" data-end=\"166\">\n<li data-start=\"129\" data-end=\"166\">\n<p data-start=\"131\" data-end=\"166\"><span style=\"color: #dd6700; font-size: x-large;\">eigener Server: <strong data-start=\"147\" data-end=\"166\">selbst gehostet<\/strong><\/span><\/p>\n<\/li>\n<\/ul>\n<p data-start=\"168\" data-end=\"185\"><span style=\"color: #dd6700; font-size: x-large;\"><strong data-start=\"168\" data-end=\"183\">Battlefield<\/strong><\/span><\/p>\n<ul data-start=\"186\" data-end=\"214\">\n<li data-start=\"186\" data-end=\"214\">\n<p data-start=\"188\" data-end=\"214\"><span style=\"color: #dd6700; font-size: x-large;\">Clan: <strong data-start=\"194\" data-end=\"214\">Feierabend-Gamer<\/strong><\/span><\/p>\n<\/li>\n<\/ul>\n<p data-start=\"216\" data-end=\"234\"><span style=\"color: #dd6700; font-size: x-large;\"><strong data-start=\"216\" data-end=\"232\">Call of Duty<\/strong><\/span><\/p>\n<ul data-start=\"235\" data-end=\"263\">\n<li data-start=\"235\" data-end=\"263\">\n<p data-start=\"237\" data-end=\"263\"><span style=\"color: #dd6700; font-size: x-large;\">Clan: <strong data-start=\"243\" data-end=\"263\">Feierabend-Gamer<\/strong><\/span><\/p>\n<\/li>\n<\/ul>\n<p data-start=\"265\" data-end=\"280\"><span style=\"color: #dd6700; font-size: x-large;\"><strong data-start=\"265\" data-end=\"278\">DayZ (PC)<\/strong><\/span><\/p>\n<ul data-start=\"281\" data-end=\"318\">\n<li data-start=\"281\" data-end=\"318\">\n<p data-start=\"283\" data-end=\"318\"><span style=\"color: #dd6700; font-size: x-large;\">eigener Server: <strong data-start=\"299\" data-end=\"318\">selbst gehostet<\/strong><\/span><\/p>\n<\/li>\n<\/ul>\n<p data-start=\"320\" data-end=\"337\"><span style=\"color: #dd6700; font-size: x-large;\"><strong data-start=\"320\" data-end=\"335\">Delta Force<\/strong><\/span><\/p>\n<ul data-start=\"338\" data-end=\"366\">\n<li data-start=\"338\" data-end=\"366\">\n<p data-start=\"340\" data-end=\"366\"><span style=\"color: #dd6700; font-size: x-large;\">Clan: <strong data-start=\"346\" data-end=\"366\">Feierabend-Gamer<\/strong><\/span><\/p>\n<\/li>\n<\/ul>\n<p data-start=\"368\" data-end=\"385\"><span style=\"color: #dd6700; font-size: x-large;\"><strong data-start=\"368\" data-end=\"383\">Arc Raiders<\/strong><\/span><\/p>\n<ul data-start=\"386\" data-end=\"414\">\n<li data-start=\"386\" data-end=\"414\">\n<p data-start=\"388\" data-end=\"414\"><span style=\"color: #dd6700; font-size: x-large;\">Clan: <strong data-start=\"394\" data-end=\"414\">Feierabend-Gamer<\/strong><\/span><\/p>\n<\/li>\n<\/ul>\n<p>[\/et_pb_slide][\/et_pb_slider][et_pb_slider _builder_version=&#8220;4.27.5&#8243; _module_preset=&#8220;default&#8220; locked=&#8220;off&#8220; global_colors_info=&#8220;{}&#8220; sticky_enabled=&#8220;0&#8243; link_option_url_new_window=&#8220;on&#8220; use_bg_overlay=&#8220;off&#8220; use_text_overlay=&#8220;off&#8220; custom_button=&#8220;on&#8220; button_text_color=&#8220;#2af72a&#8220; button_border_width=&#8220;4px&#8220; button_border_radius=&#8220;24px&#8220; button_text_shadow_style=&#8220;preset4&#8243; background_color=&#8220;RGBA(255,255,255,0)&#8220; button_custom_margin=&#8220;40px||||false|false&#8220; custom_margin=&#8220;225px||||false|false&#8220; hover_enabled=&#8220;0&#8243; link_option_url=&#8220;https:\/\/discord.gg\/6EjD2ErRJy&#8220;][et_pb_slide button_text=&#8220;Klicks&#8220; image=&#8220;https:\/\/costum-data.de\/wp-content\/uploads\/2026\/02\/Feierabend-Gamer-Sports.png&#8220; _builder_version=&#8220;4.27.5&#8243; _module_preset=&#8220;default&#8220; locked=&#8220;off&#8220; global_colors_info=&#8220;{}&#8220; sticky_transition=&#8220;on&#8220;]<\/p>\n<p><span style=\"color: #dd6700; font-size: x-large;\">&#8211; Rematch<\/span><br \/><span class=\"desktop-font-size-20 mobile-font-size-16 tablet-font-size-16\" style=\"color: #dd6700; font-size: x-large;\">&#8211; EA Sports FC (Fifa)<\/span><br \/><span class=\"desktop-font-size-20 mobile-font-size-16 tablet-font-size-16\" style=\"color: #dd6700; font-size: x-large;\">&#8211; Formula 1<\/span><br \/><span class=\"desktop-font-size-20 mobile-font-size-16 tablet-font-size-16\" style=\"color: #dd6700; font-size: x-large;\">&#8211; Forza Motorsport<\/span><br \/><span class=\"desktop-font-size-20 mobile-font-size-16 tablet-font-size-16\" style=\"color: #dd6700; font-size: x-large;\">&#8211; Forza Horizon<\/span><br \/><span class=\"desktop-font-size-20\" style=\"color: #dd6700; font-size: x-large;\">\u00a0&#8211; Gran Turismo<br \/>&#8211; Rocket League<\/span><\/p>\n<p>[\/et_pb_slide][et_pb_slide button_text=&#8220;Klicks&#8220; _builder_version=&#8220;4.27.5&#8243; _module_preset=&#8220;default&#8220; locked=&#8220;off&#8220; global_colors_info=&#8220;{}&#8220; sticky_transition=&#8220;on&#8220;]<\/p>\n<p><span style=\"color: #dd6700; font-size: x-large;\">Dieser Bereich ist im Aufbau und wir freuen uns immer \u00fcber tatkr\u00e4ftige Unterst\u00fctzung<\/span><\/p>\n<p>[\/et_pb_slide][\/et_pb_slider][\/et_pb_column][et_pb_column type=&#8220;1_3&#8243; _builder_version=&#8220;4.27.5&#8243; _module_preset=&#8220;default&#8220; global_colors_info=&#8220;{}&#8220;][et_pb_slider _builder_version=&#8220;4.27.5&#8243; _module_preset=&#8220;default&#8220; locked=&#8220;off&#8220; global_colors_info=&#8220;{}&#8220; link_option_url_new_window=&#8220;on&#8220; use_bg_overlay=&#8220;off&#8220; use_text_overlay=&#8220;off&#8220; custom_button=&#8220;on&#8220; button_text_color=&#8220;#2af72a&#8220; button_border_width=&#8220;4px&#8220; button_border_radius=&#8220;24px&#8220; button_text_shadow_style=&#8220;preset4&#8243; background_color=&#8220;RGBA(255,255,255,0)&#8220; button_custom_margin=&#8220;40px||||false|false&#8220; custom_margin=&#8220;80px||||false|false&#8220; custom_padding=&#8220;105px||||false|false&#8220; hover_enabled=&#8220;0&#8243; sticky_enabled=&#8220;0&#8243; link_option_url=&#8220;https:\/\/discord.gg\/D7WCJHDv9B&#8220;][et_pb_slide button_text=&#8220;Klicks&#8220; image=&#8220;https:\/\/costum-data.de\/wp-content\/uploads\/2026\/02\/Feierabend-Gamer-RTS-transparent.png&#8220; _builder_version=&#8220;4.27.5&#8243; _module_preset=&#8220;default&#8220; locked=&#8220;off&#8220; global_colors_info=&#8220;{}&#8220; sticky_transition=&#8220;on&#8220;]<\/p>\n<p><span class=\"theming-custom desktop-font-size-20 theming-custom-#00ff00 mobile-font-size-16 tablet-font-size-16\" style=\"color: #dd6700; font-size: x-large;\">Auf unserem RTS-Server bieten wir folgende Spiele an:<\/span><\/p>\n<p><span style=\"color: #dd6700;\">\u00a0<\/span><\/p>\n<p><span class=\"desktop-font-size-20 mobile-font-size-16 tablet-font-size-16\" style=\"color: #dd6700; font-size: x-large;\">&#8211; Age of Empires<\/span><br \/><span class=\"desktop-font-size-20 mobile-font-size-16 tablet-font-size-16\" style=\"color: #dd6700; font-size: x-large;\">&#8211; Anno Reihe<\/span><br \/><span class=\"desktop-font-size-20 mobile-font-size-16 tablet-font-size-16\" style=\"color: #dd6700; font-size: x-large;\">&#8211; Comand and Conquer<\/span><br \/><span class=\"desktop-font-size-20 mobile-font-size-16 tablet-font-size-16\" style=\"color: #dd6700; font-size: x-large;\">&#8211; Tempest Rising<\/span><br \/><span class=\"desktop-font-size-20 mobile-font-size-16 tablet-font-size-16\" style=\"color: #dd6700; font-size: x-large;\">&#8211; Dota 2<\/span><br \/><span class=\"desktop-font-size-20 mobile-font-size-16 tablet-font-size-16\" style=\"color: #dd6700; font-size: x-large;\">&#8211; Minecraft<\/span><\/p>\n<p><span class=\"desktop-font-size-20 mobile-font-size-16 tablet-font-size-16\" style=\"color: #dd6700; font-size: x-large;\">(RTS &#8211; Real-Time Strategy)<\/span><\/p>\n<p>[\/et_pb_slide][et_pb_slide button_text=&#8220;Klicks&#8220; _builder_version=&#8220;4.27.5&#8243; _module_preset=&#8220;default&#8220; locked=&#8220;off&#8220; global_colors_info=&#8220;{}&#8220; sticky_transition=&#8220;on&#8220;]<\/p>\n<p><span style=\"color: #dd6700; font-size: x-large;\">Minecraft Bedrock\u00a0<\/span><br \/><span style=\"color: #dd6700; font-size: x-large;\">eigener Server<\/span><\/p>\n<p><span style=\"color: #dd6700; font-size: x-large;\">Die restlichen Games befinden sich noch im Aufbau<\/span><\/p>\n<p>[\/et_pb_slide][\/et_pb_slider][et_pb_slider _builder_version=&#8220;4.27.5&#8243; _module_preset=&#8220;default&#8220; locked=&#8220;off&#8220; global_colors_info=&#8220;{}&#8220; sticky_enabled=&#8220;0&#8243; link_option_url_new_window=&#8220;on&#8220; use_bg_overlay=&#8220;off&#8220; use_text_overlay=&#8220;off&#8220; custom_button=&#8220;on&#8220; button_text_color=&#8220;#2af72a&#8220; button_border_width=&#8220;4px&#8220; button_border_radius=&#8220;24px&#8220; button_text_shadow_style=&#8220;preset4&#8243; background_color=&#8220;RGBA(255,255,255,0)&#8220; button_custom_margin=&#8220;40px||||false|false&#8220; custom_margin=&#8220;175px||||false|false&#8220; hover_enabled=&#8220;0&#8243; link_option_url=&#8220;https:\/\/discord.gg\/HNg65t9eyr&#8220;][et_pb_slide button_text=&#8220;Klicks&#8220; image=&#8220;https:\/\/costum-data.de\/wp-content\/uploads\/2026\/02\/Star-Citizen.png&#8220; _builder_version=&#8220;4.27.5&#8243; _module_preset=&#8220;default&#8220; hover_enabled=&#8220;0&#8243; locked=&#8220;off&#8220; global_colors_info=&#8220;{}&#8220; sticky_transition=&#8220;on&#8220; sticky_enabled=&#8220;0&#8243;]<\/p>\n<p><span style=\"color: #dd6700; font-size: x-large;\">Eine engagierte Raumfahrt-Community f\u00fcr Entdecker, H\u00e4ndler, K\u00e4mpfer und Miner. Gemeinsam Missionen fliegen, Schiffe testen, Events organisieren und das Verse erkunden \u2013 egal ob Anf\u00e4nger oder Veteran, jeder ist willkommen.<\/span><\/p>\n<p>[\/et_pb_slide][et_pb_slide button_text=&#8220;Klicks&#8220; _builder_version=&#8220;4.27.5&#8243; _module_preset=&#8220;default&#8220; locked=&#8220;off&#8220; global_colors_info=&#8220;{}&#8220; sticky_transition=&#8220;on&#8220;]<\/p>\n<p><span style=\"color: #dd6700; font-size: x-large;\">Hier dreht sich alles um Star Citizen<\/span><\/p>\n<p>[\/et_pb_slide][\/et_pb_slider][\/et_pb_column][\/et_pb_row][\/et_pb_section]<\/p>\n","protected":false},"excerpt":{"rendered":"<p>Auf unserem MMO-Server bieten wir folgende Spiele an: \u00a0 &#8211; Aion 2- Borderlands- Diablo 4- Dune Awakening- Where Wind Meet- Path of Exile 1+2- Throne &amp; Liberty- Ark Survival Ascended- Palia &#8211; Plattform Games (universelle Spielersuche f\u00fcr alle nicht gelisteten Games)Diablo 4 Clan: FeierabendG4mer Path of Exile 1 &amp; 2 Gilden: FeierabendG4mer Dune: Awakening Gilde: [&hellip;]<\/p>\n","protected":false},"author":1,"featured_media":0,"parent":0,"menu_order":0,"comment_status":"closed","ping_status":"closed","template":"","meta":{"_acf_changed":false,"_et_pb_use_builder":"on","_et_pb_old_content":"","_et_gb_content_width":"","footnotes":""},"class_list":["post-26","page","type-page","status-publish","hentry"],"acf":[],"_links":{"self":[{"href":"https:\/\/costum-data.de\/index.php\/wp-json\/wp\/v2\/pages\/26","targetHints":{"allow":["GET"]}}],"collection":[{"href":"https:\/\/costum-data.de\/index.php\/wp-json\/wp\/v2\/pages"}],"about":[{"href":"https:\/\/costum-data.de\/index.php\/wp-json\/wp\/v2\/types\/page"}],"author":[{"embeddable":true,"href":"https:\/\/costum-data.de\/index.php\/wp-json\/wp\/v2\/users\/1"}],"replies":[{"embeddable":true,"href":"https:\/\/costum-data.de\/index.php\/wp-json\/wp\/v2\/comments?post=26"}],"version-history":[{"count":25,"href":"https:\/\/costum-data.de\/index.php\/wp-json\/wp\/v2\/pages\/26\/revisions"}],"predecessor-version":[{"id":3294,"href":"https:\/\/costum-data.de\/index.php\/wp-json\/wp\/v2\/pages\/26\/revisions\/3294"}],"wp:attachment":[{"href":"https:\/\/costum-data.de\/index.php\/wp-json\/wp\/v2\/media?parent=26"}],"curies":[{"name":"wp","href":"https:\/\/api.w.org\/{rel}","templated":true}]}}